{"id":2714,"date":"2024-10-22T23:24:56","date_gmt":"2024-10-22T23:24:56","guid":{"rendered":"https:\/\/muestradecinedelanzarote.com\/evento-sostenible\/"},"modified":"2025-12-28T22:27:24","modified_gmt":"2025-12-28T22:27:24","slug":"evento-sostenible","status":"publish","type":"page","link":"https:\/\/muestradecinedelanzarote.com\/fr\/evento-sostenible\/","title":{"rendered":"Plan de Durabilit\u00e9 de la XVe Muestra de Cine de Lanzarote"},"content":{"rendered":"<p><iframe loading=\"lazy\" title=\"VIDEO SOSTENIBILIDAD MUESTRA 2024\" width=\"500\" height=\"281\" src=\"https:\/\/www.youtube.com\/embed\/dqbKrws4LPI?feature=oembed\" frameborder=\"0\" allow=\"accelerometer; autoplay; clipboard-write; encrypted-media; gyroscope; picture-in-picture; web-share\" referrerpolicy=\"strict-origin-when-cross-origin\" allowfullscreen><\/iframe><\/p>\n<p>Le Plan de Durabilit\u00e9 de la Muestra de Cine de Lanzarote est une strat\u00e9gie de travail con\u00e7ue et mise \u00e0 jour chaque ann\u00e9e dans le but de promouvoir la sensibilisation environnementale, de favoriser l\u2019\u00e9conomie circulaire et de progresser vers l\u2019organisation d\u2019un \u00e9v\u00e9nement culturel de plus en plus responsable envers son environnement.<\/p>\n<p>La durabilit\u00e9 est comprise comme la capacit\u00e9 \u00e0 r\u00e9pondre aux besoins du pr\u00e9sent sans compromettre la capacit\u00e9 des g\u00e9n\u00e9rations futures \u00e0 r\u00e9pondre aux leurs, en garantissant un \u00e9quilibre entre le respect de l\u2019environnement, le bien-\u00eatre social et le d\u00e9veloppement \u00e9conomique local.<br \/>\nL\u2019objectif principal du Plan de Durabilit\u00e9 2025 est de minimiser les impacts environnementaux li\u00e9s \u00e0 la tenue de la Muestra, en portant une attention particuli\u00e8re \u00e0 la mobilit\u00e9 collective, \u00e0 la consommation responsable de l\u2019eau et de l\u2019\u00e9nergie, \u00e0 la r\u00e9duction des d\u00e9chets, \u00e0 la pr\u00e9vention des nuisances pour la biodiversit\u00e9 et la population locale, ainsi qu\u2019\u00e0 la sensibilisation environnementale du public et des \u00e9quipes impliqu\u00e9es.<\/p>\n<p><img loading=\"lazy\" decoding=\"async\" class=\"aligncenter wp-image-3462 size-full\" src=\"https:\/\/muestradecinedelanzarote.com\/wp-content\/uploads\/2025\/12\/FOTOS-TALLER-SOSTENIBILIDAD-11-scaled.jpg\" alt=\"\" width=\"1920\" height=\"1280\" srcset=\"https:\/\/muestradecinedelanzarote.com\/wp-content\/uploads\/2025\/12\/FOTOS-TALLER-SOSTENIBILIDAD-11-scaled.jpg 1920w, https:\/\/muestradecinedelanzarote.com\/wp-content\/uploads\/2025\/12\/FOTOS-TALLER-SOSTENIBILIDAD-11-300x200.jpg 300w, https:\/\/muestradecinedelanzarote.com\/wp-content\/uploads\/2025\/12\/FOTOS-TALLER-SOSTENIBILIDAD-11-1024x682.jpg 1024w, https:\/\/muestradecinedelanzarote.com\/wp-content\/uploads\/2025\/12\/FOTOS-TALLER-SOSTENIBILIDAD-11-768x512.jpg 768w, https:\/\/muestradecinedelanzarote.com\/wp-content\/uploads\/2025\/12\/FOTOS-TALLER-SOSTENIBILIDAD-11-1536x1024.jpg 1536w\" sizes=\"auto, (max-width: 1920px) 100vw, 1920px\" \/><\/p>\n<p>\u00c0 cette fin, toutes les actions men\u00e9es durant les phases de planification, d\u2019organisation, de d\u00e9roulement et d\u2019\u00e9valuation post\u00e9rieure de l\u2019\u00e9v\u00e9nement sont analys\u00e9es, en mettant en \u0153uvre des mesures adapt\u00e9es \u00e0 la r\u00e9alit\u00e9 des lieux, aux ressources disponibles et au contexte insulaire de Lanzarote. Ces actions s\u2019alignent sur les Objectifs de D\u00e9veloppement Durable de l\u2019Agenda 2030, ainsi que sur les principes de l\u2019Agenda Canarien de D\u00e9veloppement Durable.<\/p>\n<h2>Gestion des d\u00e9chets et \u00e9conomie circulaire<\/h2>\n<p>La concentration du public et de l\u2019activit\u00e9 culturelle peut g\u00e9n\u00e9rer une quantit\u00e9 significative de d\u00e9chets si leur gestion n\u2019est pas correctement planifi\u00e9e. Pour cette raison, la Muestra mise sur la pr\u00e9vention, la r\u00e9utilisation et l\u2019\u00e9conomie circulaire comme axes fondamentaux.<br \/>\nParmi les principales mesures figurent :<\/p>\n<ul>\n<li>R\u00e9duction de l\u2019utilisation de mat\u00e9riaux \u00e0 usage unique.<\/li>\n<li>Utilisation prioritaire de mat\u00e9riaux recycl\u00e9s, recyclables ou r\u00e9utilisables.<\/li>\n<li>R\u00e9cup\u00e9ration de b\u00e2ches et de mat\u00e9riaux promotionnels pour leur transformation en nouveaux produits (sacs \u00e0 dos, sacs ou autres \u00e9l\u00e9ments).<\/li>\n<li>R\u00e9utilisation des \u00e9l\u00e9ments d\u00e9coratifs d\u2019une \u00e9dition \u00e0 l\u2019autre.<\/li>\n<li>Installation de points de tri des d\u00e9chets dans les lieux qui n\u2019en disposent pas.<\/li>\n<li>R\u00e9duction de l\u2019utilisation du papier, en privil\u00e9giant les supports num\u00e9riques et, lorsque cela est indispensable, en utilisant du papier r\u00e9pondant \u00e0 des crit\u00e8res environnementaux.<\/li>\n<\/ul>\n<h2>Mobilit\u00e9 collective et responsable<\/h2>\n<p>La mobilit\u00e9 constitue l\u2019un des principaux foyers d\u2019impact environnemental lors d\u2019un \u00e9v\u00e9nement culturel insulaire. C\u2019est pourquoi la Muestra de Cine de Lanzarote promeut une mobilit\u00e9 plus efficace fond\u00e9e sur l\u2019utilisation des transports collectifs, en r\u00e9duisant le nombre de d\u00e9placements individuels.<\/p>\n<p>Sont privil\u00e9gi\u00e9s :<\/p>\n<ul>\n<li>L\u2019utilisation de v\u00e9hicules collectifs pour les d\u00e9placements des invit\u00e9s, des \u00e9quipes et de l\u2019organisation.<\/li>\n<li>Le recours \u00e0 des services et professionnels locaux afin de r\u00e9duire les d\u00e9placements.<\/li>\n<li>Une planification efficace des itin\u00e9raires et des horaires afin de minimiser les \u00e9missions et les nuisances.<\/li>\n<\/ul>\n<h2>Eau et \u00e9nergie : un engagement envers une ressource essentielle<\/h2>\n<p>Dans un territoire marqu\u00e9 par le stress hydrique comme Lanzarote, l\u2019eau occupe une place centrale dans le Plan de Durabilit\u00e9 2025. La Muestra renforce le message sur la valeur de l\u2019eau en tant que ressource limit\u00e9e, en l\u2019int\u00e9grant \u00e0 sa communication interne et aux actions de sensibilisation destin\u00e9es aux \u00e9quipes et aux participants.<\/p>\n<p>Parmi les mesures mises en \u0153uvre figurent :<\/p>\n<ul>\n<li>Utilisation efficace de l\u2019eau dans les lieux de l\u2019\u00e9v\u00e9nement.<\/li>\n<li>Mise \u00e0 disposition de points d\u2019eau pour une consommation responsable.<\/li>\n<li>Programmation d\u2019activit\u00e9s \u00e0 des horaires r\u00e9duisant le besoin d\u2019\u00e9clairage artificiel.<\/li>\n<li>Utilisation prioritaire d\u2019\u00e9clairage LED et d\u2019\u00e9quipements \u00e0 faible consommation \u00e9nerg\u00e9tique.<\/li>\n<li>Analyse et suivi des consommations dans l\u2019objectif d\u2019am\u00e9liorer les \u00e9ditions futures.<\/li>\n<\/ul>\n<h2>Biodiversit\u00e9 et respect de l\u2019environnement<\/h2>\n<p>La Muestra se d\u00e9roule dans un territoire class\u00e9 <strong>R\u00e9serve de la biosph\u00e8re<\/strong>, dot\u00e9 d\u2019une biodiversit\u00e9 fragile et singuli\u00e8re. Dans une logique de \u00ab conna\u00eetre pour pr\u00e9server \u00bb, des actions sont d\u00e9velopp\u00e9es afin d\u2019\u00e9viter les nuisances pour l\u2019environnement naturel et de sensibiliser \u00e0 sa valeur.<br \/>\nLes mesures pr\u00e9vues comprennent :<\/p>\n<ul>\n<li>Programmation de conf\u00e9rences et d\u2019activit\u00e9s de sensibilisation environnementale.<\/li>\n<li>Mise en visibilit\u00e9 de projets et de collectifs li\u00e9s \u00e0 la conservation.<\/li>\n<li>Pr\u00e9vention des nuisances sonores et lumineuses.<\/li>\n<li>Recommandation de ne pas venir accompagn\u00e9 d\u2019animaux de compagnie afin de garantir leur bien-\u00eatre et celui de la faune locale.<\/li>\n<\/ul>\n<h2>Recommandations de durabilit\u00e9 pour le public<\/h2>\n<p>La durabilit\u00e9 de la Muestra de Cine de Lanzarote est un engagement partag\u00e9. C\u2019est pourquoi, en plus des mesures mises en place par l\u2019organisation, un ensemble de recommandations de bonnes pratiques est propos\u00e9 au public afin de favoriser une participation responsable et respectueuse de l\u2019environnement.<\/p>\n<p>Ces recommandations portent sur des aspects tels que la mobilit\u00e9 collective, l\u2019usage raisonn\u00e9 de l\u2019eau, la r\u00e9duction des d\u00e9chets, le respect des espaces publics et naturels, ainsi que la cohabitation avec la population locale. \u00c0 travers une communication claire et accessible, le public est invit\u00e9 \u00e0 devenir un acteur \u00e0 part enti\u00e8re du mod\u00e8le d\u2019\u00e9v\u00e9nement durable promu par la Muestra.<\/p>\n<p><span style=\"text-decoration: underline;\"><em><strong><a href=\"https:\/\/muestradecinedelanzarote.com\/wp-content\/uploads\/2025\/12\/RECOMENDACIONES-SOSTENIBILIDAD_general.pdf\">Consultez ici les recommandations de durabilit\u00e9 destin\u00e9es au public.<\/a><\/strong><\/em><\/span><\/p>\n<h2>\u00c9valuation et am\u00e9lioration continue<\/h2>\n<p>\u00c0 l\u2019issue de la Muestra, un \u00e9co-audit est r\u00e9alis\u00e9 afin de recenser les actions men\u00e9es, le niveau de mise en \u0153uvre des mesures et les propositions d\u2019am\u00e9lioration pour les \u00e9ditions futures. Cet exercice d\u2019\u00e9valuation permet de progresser de mani\u00e8re continue vers un mod\u00e8le d\u2019\u00e9v\u00e9nement culturel toujours plus durable, adapt\u00e9 au territoire et aux enjeux environnementaux actuels.<\/p>\n","protected":false},"excerpt":{"rendered":"<p>Le Plan de Durabilit\u00e9 de la Muestra de Cine de Lanzarote est une strat\u00e9gie de travail con\u00e7ue et mise \u00e0 jour chaque ann\u00e9e dans le but de promouvoir la sensibilisation environnementale, de favoriser l\u2019\u00e9conomie circulaire et de progresser vers l\u2019organisation d\u2019un \u00e9v\u00e9nement culturel de plus en plus responsable envers son environnement. La durabilit\u00e9 est comprise [&hellip;]<\/p>\n","protected":false},"author":1,"featured_media":0,"parent":0,"menu_order":25,"comment_status":"closed","ping_status":"closed","template":"","meta":{"_acf_changed":false,"footnotes":""},"folder":[20],"class_list":["post-2714","page","type-page","status-publish","hentry"],"acf":[],"_links":{"self":[{"href":"https:\/\/muestradecinedelanzarote.com\/fr\/wp-json\/wp\/v2\/pages\/2714","targetHints":{"allow":["GET"]}}],"collection":[{"href":"https:\/\/muestradecinedelanzarote.com\/fr\/wp-json\/wp\/v2\/pages"}],"about":[{"href":"https:\/\/muestradecinedelanzarote.com\/fr\/wp-json\/wp\/v2\/types\/page"}],"author":[{"embeddable":true,"href":"https:\/\/muestradecinedelanzarote.com\/fr\/wp-json\/wp\/v2\/users\/1"}],"replies":[{"embeddable":true,"href":"https:\/\/muestradecinedelanzarote.com\/fr\/wp-json\/wp\/v2\/comments?post=2714"}],"version-history":[{"count":5,"href":"https:\/\/muestradecinedelanzarote.com\/fr\/wp-json\/wp\/v2\/pages\/2714\/revisions"}],"predecessor-version":[{"id":3469,"href":"https:\/\/muestradecinedelanzarote.com\/fr\/wp-json\/wp\/v2\/pages\/2714\/revisions\/3469"}],"wp:attachment":[{"href":"https:\/\/muestradecinedelanzarote.com\/fr\/wp-json\/wp\/v2\/media?parent=2714"}],"wp:term":[{"taxonomy":"folder","embeddable":true,"href":"https:\/\/muestradecinedelanzarote.com\/fr\/wp-json\/wp\/v2\/folder?post=2714"}],"curies":[{"name":"wp","href":"https:\/\/api.w.org\/{rel}","templated":true}]}}