{"id":2720,"date":"2023-08-27T09:46:16","date_gmt":"2023-08-27T09:46:16","guid":{"rendered":"https:\/\/muestradecinedelanzarote.com\/ediciones-anteriores\/"},"modified":"2025-04-23T22:08:28","modified_gmt":"2025-04-23T22:08:28","slug":"ediciones-anteriores","status":"publish","type":"page","link":"https:\/\/muestradecinedelanzarote.com\/fr\/ediciones-anteriores\/","title":{"rendered":"\u00c9ditions pr\u00e9c\u00e9dentes"},"content":{"rendered":"","protected":false},"excerpt":{"rendered":"","protected":false},"author":1,"featured_media":0,"parent":0,"menu_order":109,"comment_status":"closed","ping_status":"closed","template":"page-previous.php","meta":{"_acf_changed":false,"footnotes":""},"folder":[5],"class_list":["post-2720","page","type-page","status-publish","hentry"],"acf":[],"_links":{"self":[{"href":"https:\/\/muestradecinedelanzarote.com\/fr\/wp-json\/wp\/v2\/pages\/2720","targetHints":{"allow":["GET"]}}],"collection":[{"href":"https:\/\/muestradecinedelanzarote.com\/fr\/wp-json\/wp\/v2\/pages"}],"about":[{"href":"https:\/\/muestradecinedelanzarote.com\/fr\/wp-json\/wp\/v2\/types\/page"}],"author":[{"embeddable":true,"href":"https:\/\/muestradecinedelanzarote.com\/fr\/wp-json\/wp\/v2\/users\/1"}],"replies":[{"embeddable":true,"href":"https:\/\/muestradecinedelanzarote.com\/fr\/wp-json\/wp\/v2\/comments?post=2720"}],"version-history":[{"count":1,"href":"https:\/\/muestradecinedelanzarote.com\/fr\/wp-json\/wp\/v2\/pages\/2720\/revisions"}],"predecessor-version":[{"id":2745,"href":"https:\/\/muestradecinedelanzarote.com\/fr\/wp-json\/wp\/v2\/pages\/2720\/revisions\/2745"}],"wp:attachment":[{"href":"https:\/\/muestradecinedelanzarote.com\/fr\/wp-json\/wp\/v2\/media?parent=2720"}],"wp:term":[{"taxonomy":"folder","embeddable":true,"href":"https:\/\/muestradecinedelanzarote.com\/fr\/wp-json\/wp\/v2\/folder?post=2720"}],"curies":[{"name":"wp","href":"https:\/\/api.w.org\/{rel}","templated":true}]}}