{"id":2722,"date":"2024-04-23T11:49:24","date_gmt":"2024-04-23T11:49:24","guid":{"rendered":"https:\/\/muestradecinedelanzarote.com\/ediciones-anteriores\/13-edicion\/"},"modified":"2026-02-03T08:43:18","modified_gmt":"2026-02-03T08:43:18","slug":"13-edicion","status":"publish","type":"page","link":"https:\/\/muestradecinedelanzarote.com\/fr\/ediciones-anteriores\/13-edicion\/","title":{"rendered":"Resumen 13\u00ba Edici\u00f3n (2023)"},"content":{"rendered":"<p>La XIII Muestra de Cine de Lanzarote (2023) consolid\u00f3 el proyecto como una referencia cultural en Canarias, con m\u00e1s de 3.000 asistentes presenciales, 35 pel\u00edculas internacionales y la participaci\u00f3n de 65 profesionales nacionales e internacionales. La edici\u00f3n, dedicada a la emigraci\u00f3n, combin\u00f3 proyecciones cinematogr\u00e1ficas con actividades educativas, conferencias, talleres, acciones en el espacio p\u00fablico y propuestas que vincularon cine, territorio y memoria hist\u00f3rica. El evento tuvo una amplia repercusi\u00f3n medi\u00e1tica, valorada en m\u00e1s de 5 millones de euros, y gener\u00f3 un impacto econ\u00f3mico significativo en la isla, destinando m\u00e1s del 67 % del presupuesto a empresas locales. La Muestra reforz\u00f3 adem\u00e1s su compromiso social, educativo y medioambiental, consolidando a Lanzarote como un espacio de producci\u00f3n cultural contempor\u00e1nea de calidad.<\/p>\n","protected":false},"excerpt":{"rendered":"<p>La XIII Muestra de Cine de Lanzarote (2023) consolid\u00f3 el proyecto como una referencia cultural en Canarias, con m\u00e1s de 3.000 asistentes presenciales, 35 pel\u00edculas internacionales y la participaci\u00f3n de 65 profesionales nacionales e internacionales. La edici\u00f3n, dedicada a la emigraci\u00f3n, combin\u00f3 proyecciones cinematogr\u00e1ficas con actividades educativas, conferencias, talleres, acciones en el espacio p\u00fablico y [&hellip;]<\/p>\n","protected":false},"author":1,"featured_media":0,"parent":2720,"menu_order":55,"comment_status":"closed","ping_status":"closed","template":"page-previous-edition-v2.php","meta":{"_acf_changed":false,"footnotes":""},"folder":[19],"class_list":["post-2722","page","type-page","status-publish","hentry"],"acf":[],"_links":{"self":[{"href":"https:\/\/muestradecinedelanzarote.com\/fr\/wp-json\/wp\/v2\/pages\/2722","targetHints":{"allow":["GET"]}}],"collection":[{"href":"https:\/\/muestradecinedelanzarote.com\/fr\/wp-json\/wp\/v2\/pages"}],"about":[{"href":"https:\/\/muestradecinedelanzarote.com\/fr\/wp-json\/wp\/v2\/types\/page"}],"author":[{"embeddable":true,"href":"https:\/\/muestradecinedelanzarote.com\/fr\/wp-json\/wp\/v2\/users\/1"}],"replies":[{"embeddable":true,"href":"https:\/\/muestradecinedelanzarote.com\/fr\/wp-json\/wp\/v2\/comments?post=2722"}],"version-history":[{"count":2,"href":"https:\/\/muestradecinedelanzarote.com\/fr\/wp-json\/wp\/v2\/pages\/2722\/revisions"}],"predecessor-version":[{"id":3487,"href":"https:\/\/muestradecinedelanzarote.com\/fr\/wp-json\/wp\/v2\/pages\/2722\/revisions\/3487"}],"up":[{"embeddable":true,"href":"https:\/\/muestradecinedelanzarote.com\/fr\/wp-json\/wp\/v2\/pages\/2720"}],"wp:attachment":[{"href":"https:\/\/muestradecinedelanzarote.com\/fr\/wp-json\/wp\/v2\/media?parent=2722"}],"wp:term":[{"taxonomy":"folder","embeddable":true,"href":"https:\/\/muestradecinedelanzarote.com\/fr\/wp-json\/wp\/v2\/folder?post=2722"}],"curies":[{"name":"wp","href":"https:\/\/api.w.org\/{rel}","templated":true}]}}