{"id":2733,"date":"2023-08-27T09:30:40","date_gmt":"2023-08-27T09:30:40","guid":{"rendered":"https:\/\/muestradecinedelanzarote.com\/aviso-legal\/"},"modified":"2025-04-23T22:00:20","modified_gmt":"2025-04-23T22:00:20","slug":"aviso-legal","status":"publish","type":"page","link":"https:\/\/muestradecinedelanzarote.com\/fr\/aviso-legal\/","title":{"rendered":"Mentions L\u00e9gales"},"content":{"rendered":"<p><strong>MENTIONS L\u00c9GALES<\/strong><\/p>\n<p><strong>LOI SUR LES SERVICES DE LA SOCI\u00c9T\u00c9 DE L&rsquo;INFORMATION (LSSI)<\/strong><\/p>\n<p><strong>1. INFORMATIONS \u00c0 L\u2019UTILISATEUR<\/strong><\/p>\n<p>L\u2019<strong>Association de Cin\u00e9ma Tenique<\/strong>, responsable du site web, ci-apr\u00e8s le RESPONSABLE, met \u00e0 disposition des utilisateurs le pr\u00e9sent document, dans le but de se conformer aux obligations pr\u00e9vues par la Loi 34\/2002 du 11 juillet sur les Services de la Soci\u00e9t\u00e9 de l\u2019Information et du Commerce \u00c9lectronique (LSSICE), ainsi que d\u2019informer tous les utilisateurs du site web des conditions d\u2019utilisation.<\/p>\n<p>Toute personne acc\u00e9dant \u00e0 ce site assume le r\u00f4le d\u2019utilisateur, s\u2019engageant \u00e0 observer et \u00e0 respecter strictement les dispositions ici \u00e9nonc\u00e9es, ainsi que toute autre disposition l\u00e9gale applicable.<\/p>\n<p>L\u2019<strong>Association de Cin\u00e9ma Tenique<\/strong> se r\u00e9serve le droit de modifier tout type d\u2019information pouvant appara\u00eetre sur le site, sans obligation de pr\u00e9avis ni d\u2019en informer les utilisateurs, \u00e9tant entendu que la publication sur le site de la Muestra de Cine de Lanzarote est suffisante.<\/p>\n<p><strong>2. DONN\u00c9ES D\u2019IDENTIFICATION<\/strong><\/p>\n<p>D\u00e9nomination sociale : <strong>Association de Cin\u00e9ma Tenique<\/strong><br \/>\nNum\u00e9ro d\u2019identification fiscale : G76327154<br \/>\nAdresse : Calle Pleamar, 12, 35558 \u2013 Teguise, Las Palmas<br \/>\nE-mail : coordinacion@muestradecinedelanzarote.com<\/p>\n<p><strong>3. OBJET<\/strong><\/p>\n<p>Par l\u2019interm\u00e9diaire du site web, nous offrons aux utilisateurs la possibilit\u00e9 d\u2019acc\u00e9der \u00e0 des informations concernant nos services.<\/p>\n<p><strong>4. CONFIDENTIALIT\u00c9 ET TRAITEMENT DES DONN\u00c9ES<\/strong><\/p>\n<p>Lorsque l\u2019acc\u00e8s \u00e0 certains contenus ou services n\u00e9cessite de fournir des donn\u00e9es personnelles, les utilisateurs garantiront leur v\u00e9racit\u00e9, exactitude, authenticit\u00e9 et validit\u00e9. L\u2019entreprise traitera ces donn\u00e9es automatiquement en fonction de leur nature ou finalit\u00e9, conform\u00e9ment aux dispositions de la section Politique de Confidentialit\u00e9.<\/p>\n<p><strong>5. PROPRI\u00c9T\u00c9 INTELLECTUELLE ET INDUSTRIELLE<\/strong><\/p>\n<p>L\u2019Utilisateur reconna\u00eet et accepte que tous les contenus affich\u00e9s sur l\u2019Espace Web, en particulier les dessins, textes, images, logos, ic\u00f4nes, boutons, logiciels, noms commerciaux, marques ou tout autre signe susceptible d\u2019un usage industriel et\/ou commercial sont soumis \u00e0 des droits de Propri\u00e9t\u00e9 Intellectuelle, et que toutes les marques, noms commerciaux ou signes distinctifs, tous les droits de propri\u00e9t\u00e9 industrielle et intellectuelle sur les contenus et\/ou tout autre \u00e9l\u00e9ment ins\u00e9r\u00e9s dans la page, sont la propri\u00e9t\u00e9 exclusive de l\u2019entreprise et\/ou de tiers, qui ont le droit exclusif de les utiliser dans le cadre du commerce. Par cons\u00e9quent, l\u2019Utilisateur s\u2019engage \u00e0 ne pas reproduire, copier, distribuer, mettre \u00e0 disposition ou de toute autre mani\u00e8re communiquer publiquement, transformer ou modifier ces contenus, et \u00e0 tenir l\u2019entreprise indemne de toute r\u00e9clamation r\u00e9sultant du non-respect de ces obligations. En aucun cas, l\u2019acc\u00e8s \u00e0 l\u2019Espace Web n\u2019implique une quelconque renonciation, transmission, licence ou cession totale ou partielle desdits droits, sauf stipulation expresse contraire. Les pr\u00e9sentes Conditions G\u00e9n\u00e9rales d\u2019Utilisation de l\u2019Espace Web ne conf\u00e8rent aux Utilisateurs aucun autre droit d\u2019utilisation, de modification, d\u2019exploitation, de reproduction, de distribution ou de communication publique de l\u2019Espace Web et\/ou de ses Contenus autres que ceux express\u00e9ment pr\u00e9vus. Toute autre utilisation ou exploitation de droits sera soumise \u00e0 l\u2019autorisation pr\u00e9alable et expresse sp\u00e9cialement accord\u00e9e \u00e0 cet effet par l\u2019entreprise ou le tiers d\u00e9tenteur des droits concern\u00e9s.<\/p>\n<p>Les contenus, textes, photographies, dessins, logos, images, programmes informatiques, codes sources et, en g\u00e9n\u00e9ral, toute cr\u00e9ation intellectuelle existante dans cet Espace, ainsi que l\u2019Espace lui-m\u00eame, en tant qu\u2019\u0153uvre artistique multim\u00e9dia, sont prot\u00e9g\u00e9s en tant que droits d\u2019auteur par la l\u00e9gislation sur la propri\u00e9t\u00e9 intellectuelle. L\u2019entreprise est titulaire des \u00e9l\u00e9ments qui composent le design graphique de l\u2019Espace Web, les menus, boutons de navigation, le code HTML, les textes, images, textures, graphiques et tout autre contenu de l\u2019Espace Web ou, en tout cas, dispose de l\u2019autorisation correspondante pour l\u2019utilisation de ces \u00e9l\u00e9ments. Le contenu disponible sur l\u2019Espace Web ne pourra \u00eatre reproduit ni en tout ni en partie, ni transmis, ni enregistr\u00e9 par aucun syst\u00e8me de r\u00e9cup\u00e9ration d\u2019information, sous aucune forme ni par aucun moyen, sauf autorisation pr\u00e9alable et \u00e9crite de ladite Entit\u00e9.<\/p>\n<p>Il est \u00e9galement interdit de supprimer, contourner et\/ou manipuler le \u00ab copyright \u00bb ainsi que les dispositifs techniques de protection, ou tout m\u00e9canisme d\u2019information pouvant \u00eatre contenu dans les contenus. L\u2019Utilisateur de cet Espace Web s\u2019engage \u00e0 respecter les droits \u00e9nonc\u00e9s et \u00e0 \u00e9viter toute action susceptible de les porter pr\u00e9judice, l\u2019entreprise se r\u00e9servant en tout cas le droit d\u2019exercer tous les moyens ou actions l\u00e9gales \u00e0 sa disposition pour d\u00e9fendre ses droits l\u00e9gitimes de propri\u00e9t\u00e9 intellectuelle et industrielle.<\/p>\n","protected":false},"excerpt":{"rendered":"<p>MENTIONS L\u00c9GALES LOI SUR LES SERVICES DE LA SOCI\u00c9T\u00c9 DE L&rsquo;INFORMATION (LSSI) 1. INFORMATIONS \u00c0 L\u2019UTILISATEUR L\u2019Association de Cin\u00e9ma Tenique, responsable du site web, ci-apr\u00e8s le RESPONSABLE, met \u00e0 disposition des utilisateurs le pr\u00e9sent document, dans le but de se conformer aux obligations pr\u00e9vues par la Loi 34\/2002 du 11 juillet sur les Services de [&hellip;]<\/p>\n","protected":false},"author":1,"featured_media":0,"parent":0,"menu_order":100,"comment_status":"closed","ping_status":"closed","template":"page-legal.php","meta":{"_acf_changed":false,"footnotes":""},"folder":[5],"class_list":["post-2733","page","type-page","status-publish","hentry"],"acf":[],"_links":{"self":[{"href":"https:\/\/muestradecinedelanzarote.com\/fr\/wp-json\/wp\/v2\/pages\/2733","targetHints":{"allow":["GET"]}}],"collection":[{"href":"https:\/\/muestradecinedelanzarote.com\/fr\/wp-json\/wp\/v2\/pages"}],"about":[{"href":"https:\/\/muestradecinedelanzarote.com\/fr\/wp-json\/wp\/v2\/types\/page"}],"author":[{"embeddable":true,"href":"https:\/\/muestradecinedelanzarote.com\/fr\/wp-json\/wp\/v2\/users\/1"}],"replies":[{"embeddable":true,"href":"https:\/\/muestradecinedelanzarote.com\/fr\/wp-json\/wp\/v2\/comments?post=2733"}],"version-history":[{"count":2,"href":"https:\/\/muestradecinedelanzarote.com\/fr\/wp-json\/wp\/v2\/pages\/2733\/revisions"}],"predecessor-version":[{"id":2736,"href":"https:\/\/muestradecinedelanzarote.com\/fr\/wp-json\/wp\/v2\/pages\/2733\/revisions\/2736"}],"wp:attachment":[{"href":"https:\/\/muestradecinedelanzarote.com\/fr\/wp-json\/wp\/v2\/media?parent=2733"}],"wp:term":[{"taxonomy":"folder","embeddable":true,"href":"https:\/\/muestradecinedelanzarote.com\/fr\/wp-json\/wp\/v2\/folder?post=2733"}],"curies":[{"name":"wp","href":"https:\/\/api.w.org\/{rel}","templated":true}]}}