{"id":2742,"date":"2023-08-27T09:36:28","date_gmt":"2023-08-27T09:36:28","guid":{"rendered":"https:\/\/muestradecinedelanzarote.com\/politica-de-privacidad\/"},"modified":"2025-04-23T22:05:07","modified_gmt":"2025-04-23T22:05:07","slug":"politica-de-privacidad","status":"publish","type":"page","link":"https:\/\/muestradecinedelanzarote.com\/fr\/politica-de-privacidad\/","title":{"rendered":"Pol\u00edtique de confidencialit\u00e9"},"content":{"rendered":"<p><strong>POLITIQUE DE CONFIDENTIALIT\u00c9<\/strong><\/p>\n<p><strong>1. INFORMATIONS \u00c0 L&rsquo;UTILISATEUR<\/strong><\/p>\n<p>L\u2019Association de Cin\u00e9ma Tenique, en tant que Responsable du Traitement, vous informe que, conform\u00e9ment au R\u00e8glement (UE) 2016\/679 du 27 avril (RGPD) et \u00e0 la Loi Organique 3\/2018 du 5 d\u00e9cembre relative \u00e0 la protection des donn\u00e9es personnelles et \u00e0 la garantie des droits num\u00e9riques (LOPDGDD), nous traiterons vos donn\u00e9es comme indiqu\u00e9 dans la pr\u00e9sente Politique de Confidentialit\u00e9.<\/p>\n<p>Dans cette Politique de Confidentialit\u00e9, nous expliquons comment nous collectons vos donn\u00e9es personnelles, pourquoi nous les collectons, ce que nous en faisons, avec qui nous les partageons, comment nous les prot\u00e9geons et vos choix concernant le traitement de vos donn\u00e9es personnelles.<\/p>\n<p>Cette Politique s\u2019applique au traitement de vos donn\u00e9es personnelles collect\u00e9es par l\u2019entreprise pour la prestation de ses services. Si vous acceptez les mesures de cette Politique, vous acceptez que nous traitions vos donn\u00e9es personnelles comme d\u00e9fini ici.<\/p>\n<p><strong>2. DONN\u00c9ES D\u2019IDENTIFICATION<\/strong><\/p>\n<p>D\u00e9nomination sociale : Association de Cin\u00e9ma Tenique<br \/>\nNum\u00e9ro d\u2019identification fiscale : G76327154<br \/>\nAdresse : Calle Pleamar, 12, 35558 \u2013 Teguise, Las Palmas<br \/>\nE-mail : coordinacion@muestradecinedelanzarote.com<\/p>\n<p><strong>3. PRINCIPES CL\u00c9S<\/strong><\/p>\n<p>Nous nous sommes toujours engag\u00e9s \u00e0 fournir nos services avec les plus hauts standards de qualit\u00e9, ce qui inclut de traiter vos donn\u00e9es avec s\u00e9curit\u00e9 et transparence. Nos principes sont :<\/p>\n<ul>\n<li>L\u00e9galit\u00e9 : Nous ne collecterons vos donn\u00e9es personnelles que pour des finalit\u00e9s sp\u00e9cifiques, explicites et l\u00e9gitimes.<\/li>\n<li>Minimisation des donn\u00e9es : Nous limitons la collecte des donn\u00e9es personnelles \u00e0 ce qui est strictement pertinent et n\u00e9cessaire aux finalit\u00e9s poursuivies.<\/li>\n<li>Limitation de la finalit\u00e9 : Nous ne collecterons vos donn\u00e9es personnelles que pour les finalit\u00e9s d\u00e9clar\u00e9es et uniquement selon vos souhaits.<\/li>\n<li>Exactitude : Nous maintiendrons vos donn\u00e9es personnelles exactes et \u00e0 jour.<\/li>\n<li>S\u00e9curit\u00e9 des donn\u00e9es : Nous appliquons les mesures techniques et organisationnelles appropri\u00e9es, proportionn\u00e9es aux risques, pour garantir que vos donn\u00e9es ne subissent aucun dommage, tel que la divulgation ou l\u2019acc\u00e8s non autoris\u00e9, la destruction accidentelle ou illicite, la perte accidentelle ou la modification, ou tout autre traitement illicite.<\/li>\n<li>Acc\u00e8s et rectification : Nous mettons \u00e0 votre disposition les moyens pour acc\u00e9der \u00e0 vos donn\u00e9es ou les rectifier \u00e0 tout moment.<\/li>\n<li>Conservation : Nous conservons vos donn\u00e9es personnelles de mani\u00e8re l\u00e9gale et appropri\u00e9e, et uniquement aussi longtemps que n\u00e9cessaire aux finalit\u00e9s pour lesquelles elles ont \u00e9t\u00e9 collect\u00e9es.<\/li>\n<li>Transferts internationaux : Lorsque vos donn\u00e9es sont transf\u00e9r\u00e9es en dehors de l\u2019UE\/EEE, elles sont ad\u00e9quatement prot\u00e9g\u00e9es.<\/li>\n<li>Tiers : L\u2019acc\u00e8s aux donn\u00e9es personnelles et leur transfert \u00e0 des tiers s\u2019effectuent conform\u00e9ment \u00e0 la l\u00e9gislation applicable, avec les garanties contractuelles appropri\u00e9es.<\/li>\n<li>Marketing direct et cookies : Nous respectons la l\u00e9gislation applicable en mati\u00e8re de publicit\u00e9 et de cookies.<\/li>\n<\/ul>\n<p><strong>4. COLLECTE ET TRAITEMENT DE VOS DONN\u00c9ES PERSONNELLES<\/strong><\/p>\n<p>Les types de donn\u00e9es pouvant \u00eatre demand\u00e9s et trait\u00e9s sont :<\/p>\n<ul>\n<li>Donn\u00e9es d\u2019identification.<\/li>\n<\/ul>\n<p>Nous recueillons \u00e9galement automatiquement des donn\u00e9es sur votre visite de notre site web, comme d\u00e9crit dans la politique de cookies.<\/p>\n<p>Chaque fois que nous vous demanderons vos donn\u00e9es personnelles, nous vous informerons clairement des donn\u00e9es que nous collectons et dans quel but. En g\u00e9n\u00e9ral, nous collectons et traitons vos donn\u00e9es personnelles afin de :<\/p>\n<ul>\n<li>Fournir des informations, des services, des produits, des actualit\u00e9s pertinentes et des mises \u00e0 jour dans notre domaine d\u2019activit\u00e9.<\/li>\n<li>Envoyer des communications.<\/li>\n<\/ul>\n<p><strong>5. L\u00c9GITIMIT\u00c9<\/strong><\/p>\n<p>Conform\u00e9ment \u00e0 la r\u00e9glementation en vigueur, vos donn\u00e9es personnelles peuvent \u00eatre trait\u00e9es si :<\/p>\n<ul>\n<li>Vous nous avez donn\u00e9 votre consentement \u00e0 cet effet. Bien entendu, vous pouvez retirer votre consentement \u00e0 tout moment.<\/li>\n<li>La loi l\u2019exige.<\/li>\n<li>Il existe un int\u00e9r\u00eat l\u00e9gitime, sans que vos droits \u00e0 la vie priv\u00e9e ne soient l\u00e9s\u00e9s, comme l\u2019envoi d\u2019informations commerciales via une newsletter ou en raison de votre qualit\u00e9 de client.<\/li>\n<li>Le traitement est n\u00e9cessaire \u00e0 la prestation de l\u2019un de nos services dans le cadre d\u2019une relation contractuelle entre vous et nous.<\/li>\n<\/ul>\n<p><strong>6. COMMUNICATION DE DONN\u00c9ES PERSONNELLES<\/strong><\/p>\n<p>Les donn\u00e9es peuvent \u00eatre communiqu\u00e9es \u00e0 des entreprises affili\u00e9es \u00e0 l\u2019Association de Cin\u00e9ma Tenique pour la fourniture de services, en tant que sous-traitants. L\u2019entreprise ne proc\u00e9dera \u00e0 aucune autre communication de donn\u00e9es, sauf obligation l\u00e9gale.<\/p>\n<p><strong>7. VOS DROITS<\/strong><\/p>\n<p>Concernant la collecte et le traitement de vos donn\u00e9es personnelles, vous pouvez nous contacter \u00e0 tout moment pour :<\/p>\n<ul>\n<li>Acc\u00e9der \u00e0 vos donn\u00e9es personnelles et \u00e0 toute autre information mentionn\u00e9e \u00e0 l\u2019article 15.1 du RGPD.<\/li>\n<li>Rectifier vos donn\u00e9es personnelles inexactes ou incompl\u00e8tes, conform\u00e9ment \u00e0 l\u2019article 16 du RGPD.<\/li>\n<li>Supprimer vos donn\u00e9es personnelles conform\u00e9ment \u00e0 l\u2019article 17 du RGPD.<\/li>\n<li>Limiter le traitement de vos donn\u00e9es conform\u00e9ment \u00e0 l\u2019article 18 du RGPD.<\/li>\n<li>Demander la portabilit\u00e9 de vos donn\u00e9es, conform\u00e9ment \u00e0 l\u2019article 20 du RGPD.<\/li>\n<li>Vous opposer au traitement de vos donn\u00e9es conform\u00e9ment \u00e0 l\u2019article 21 du RGPD.<\/li>\n<\/ul>\n<p>Si vous avez donn\u00e9 votre consentement pour une finalit\u00e9 sp\u00e9cifique, vous avez le droit de le retirer \u00e0 tout moment, sans que cela n\u2019affecte la l\u00e9galit\u00e9 du traitement fond\u00e9 sur le consentement avant son retrait.<\/p>\n<p>Vous pouvez exercer ces droits en envoyant une communication motiv\u00e9e et justifi\u00e9e \u00e0 : coordinacion@muestradecinedelanzarote.com.<\/p>\n<p>Vous avez \u00e9galement le droit d\u2019introduire une r\u00e9clamation aupr\u00e8s de l\u2019Autorit\u00e9 de Contr\u00f4le comp\u00e9tente si vous consid\u00e9rez que le traitement ne respecte pas la r\u00e9glementation en vigueur.<\/p>\n<p><strong>8. INFORMATIONS L\u00c9GALES<\/strong><\/p>\n<p>Les exigences de cette Politique viennent compl\u00e9ter, sans les remplacer, toute autre obligation l\u00e9gale existante en mati\u00e8re de protection des donn\u00e9es, laquelle pr\u00e9vaudra dans tous les cas.<\/p>\n<p>Cette Politique est susceptible d\u2019\u00eatre r\u00e9vis\u00e9e r\u00e9guli\u00e8rement, et l\u2019entreprise peut la modifier \u00e0 tout moment. En cas de modification, nous vous informerons des changements et vous demanderons de relire la version la plus r\u00e9cente de notre Politique et de confirmer votre acceptation.<\/p>\n","protected":false},"excerpt":{"rendered":"<p>POLITIQUE DE CONFIDENTIALIT\u00c9 1. INFORMATIONS \u00c0 L&rsquo;UTILISATEUR L\u2019Association de Cin\u00e9ma Tenique, en tant que Responsable du Traitement, vous informe que, conform\u00e9ment au R\u00e8glement (UE) 2016\/679 du 27 avril (RGPD) et \u00e0 la Loi Organique 3\/2018 du 5 d\u00e9cembre relative \u00e0 la protection des donn\u00e9es personnelles et \u00e0 la garantie des droits num\u00e9riques (LOPDGDD), nous traiterons [&hellip;]<\/p>\n","protected":false},"author":1,"featured_media":0,"parent":0,"menu_order":121,"comment_status":"closed","ping_status":"closed","template":"page-legal.php","meta":{"_acf_changed":false,"footnotes":""},"folder":[5],"class_list":["post-2742","page","type-page","status-publish","hentry"],"acf":[],"_links":{"self":[{"href":"https:\/\/muestradecinedelanzarote.com\/fr\/wp-json\/wp\/v2\/pages\/2742","targetHints":{"allow":["GET"]}}],"collection":[{"href":"https:\/\/muestradecinedelanzarote.com\/fr\/wp-json\/wp\/v2\/pages"}],"about":[{"href":"https:\/\/muestradecinedelanzarote.com\/fr\/wp-json\/wp\/v2\/types\/page"}],"author":[{"embeddable":true,"href":"https:\/\/muestradecinedelanzarote.com\/fr\/wp-json\/wp\/v2\/users\/1"}],"replies":[{"embeddable":true,"href":"https:\/\/muestradecinedelanzarote.com\/fr\/wp-json\/wp\/v2\/comments?post=2742"}],"version-history":[{"count":1,"href":"https:\/\/muestradecinedelanzarote.com\/fr\/wp-json\/wp\/v2\/pages\/2742\/revisions"}],"predecessor-version":[{"id":2744,"href":"https:\/\/muestradecinedelanzarote.com\/fr\/wp-json\/wp\/v2\/pages\/2742\/revisions\/2744"}],"wp:attachment":[{"href":"https:\/\/muestradecinedelanzarote.com\/fr\/wp-json\/wp\/v2\/media?parent=2742"}],"wp:term":[{"taxonomy":"folder","embeddable":true,"href":"https:\/\/muestradecinedelanzarote.com\/fr\/wp-json\/wp\/v2\/folder?post=2742"}],"curies":[{"name":"wp","href":"https:\/\/api.w.org\/{rel}","templated":true}]}}